{"id":27,"date":"2023-02-03T17:00:56","date_gmt":"2023-02-03T17:00:56","guid":{"rendered":"https:\/\/publi-arte.cl\/?page_id=27"},"modified":"2025-11-28T22:27:13","modified_gmt":"2025-11-28T22:27:13","slug":"contacto","status":"publish","type":"page","link":"https:\/\/publiarte.cl\/index.php\/contacto\/","title":{"rendered":"CONTACTO"},"content":{"rendered":"<section class=\"l-section wpb_row height_medium\"><div class=\"l-section-h i-cf\"><div class=\"g-cols vc_row via_flex valign_top type_default stacking_default\"><div class=\"vc_col-sm-12 wpb_column vc_column_container\"><div class=\"vc_column-inner\"><div class=\"wpb_wrapper\"><div class=\"w-separator size_medium\"><\/div><\/div><\/div><\/div><\/div><\/div><\/section><section class=\"l-section wpb_row height_auto\"><div class=\"l-section-h i-cf\"><div class=\"g-cols vc_row via_flex valign_top type_default stacking_default\"><div class=\"vc_col-sm-12 wpb_column vc_column_container\"><div class=\"vc_column-inner\"><div class=\"wpb_wrapper\"><div class=\"w-separator size_medium with_line width_default thick_1 style_solid color_border align_center\"><div class=\"w-separator-h\"><\/div><\/div><div class=\"g-cols wpb_row via_flex valign_top type_default stacking_default\"><div class=\"vc_col-sm-4 wpb_column vc_column_container\"><div class=\"vc_column-inner\"><div class=\"wpb_wrapper\"><div class=\"w-iconbox us_custom_ff793d93 has_text_color iconpos_top style_default color_primary align_center icontype_img\"><div class=\"w-iconbox-icon\" style=\"font-size:66px;\"><img loading=\"lazy\" decoding=\"async\" width=\"71\" height=\"58\" src=\"https:\/\/publiarte.cl\/wp-content\/uploads\/2023\/12\/Captura4.png\" class=\"attachment-full size-full\" alt=\"\" srcset=\"https:\/\/publiarte.cl\/wp-content\/uploads\/2023\/12\/Captura4.png 71w, https:\/\/publiarte.cl\/wp-content\/uploads\/2023\/12\/Captura4-64x52.png 64w\" sizes=\"(max-width: 71px) 100vw, 71px\" \/><\/div><div class=\"w-iconbox-meta\"><h4 class=\"w-iconbox-title\">Direcci\u00f3n<\/h4><div class=\"w-iconbox-text\"><p style=\"text-align: center;\">Alejandro Cicarelli 826.<\/p>\n<p style=\"text-align: center;\">Santiago de Chile<\/p>\n<\/div><\/div><\/div><\/div><\/div><\/div><div class=\"vc_col-sm-4 wpb_column vc_column_container\"><div class=\"vc_column-inner\"><div class=\"wpb_wrapper\"><div class=\"w-iconbox us_custom_ff793d93 has_text_color iconpos_top style_default color_primary align_center icontype_img\"><div class=\"w-iconbox-icon\" style=\"font-size:66px;\"><img loading=\"lazy\" decoding=\"async\" width=\"71\" height=\"58\" src=\"https:\/\/publiarte.cl\/wp-content\/uploads\/2023\/12\/Captura4.png\" class=\"attachment-full size-full\" alt=\"\" srcset=\"https:\/\/publiarte.cl\/wp-content\/uploads\/2023\/12\/Captura4.png 71w, https:\/\/publiarte.cl\/wp-content\/uploads\/2023\/12\/Captura4-64x52.png 64w\" sizes=\"(max-width: 71px) 100vw, 71px\" \/><\/div><div class=\"w-iconbox-meta\"><h4 class=\"w-iconbox-title\">Tel\u00e9fonos<\/h4><div class=\"w-iconbox-text\"><p style=\"text-align: center;\"><a href=\"https:\/\/wa.me\/+56985968146\">+56 9 8596 8146<\/a><\/p>\n<\/div><\/div><\/div><\/div><\/div><\/div><div class=\"vc_col-sm-4 wpb_column vc_column_container\"><div class=\"vc_column-inner\"><div class=\"wpb_wrapper\"><div class=\"w-iconbox us_custom_ff793d93 has_text_color iconpos_top style_default color_primary align_center icontype_img\"><div class=\"w-iconbox-icon\" style=\"font-size:66px;\"><img loading=\"lazy\" decoding=\"async\" width=\"71\" height=\"58\" src=\"https:\/\/publiarte.cl\/wp-content\/uploads\/2023\/12\/Captura4.png\" class=\"attachment-full size-full\" alt=\"\" srcset=\"https:\/\/publiarte.cl\/wp-content\/uploads\/2023\/12\/Captura4.png 71w, https:\/\/publiarte.cl\/wp-content\/uploads\/2023\/12\/Captura4-64x52.png 64w\" sizes=\"(max-width: 71px) 100vw, 71px\" \/><\/div><div class=\"w-iconbox-meta\"><h4 class=\"w-iconbox-title\">E-mail<\/h4><div class=\"w-iconbox-text\"><p style=\"text-align: center;\"><a href=\"mailto:ventas@publi-arte.cl\">ventas@publiarte.cl<\/a><\/p>\n<p style=\"text-align: center;\"><a href=\"mailto:contacto@publiarte.cl\">contacto@publiarte.cl<\/a><\/p>\n<\/div><\/div><\/div><\/div><\/div><\/div><\/div><\/div><\/div><\/div><\/div><\/div><\/section><section class=\"l-section wpb_row us_custom_b03244ee height_medium with_shape\"><div class=\"l-section-shape type_curve-inv pos_top\" style=\"height:15vmin;color:#ffffff\"><svg xmlns=\"http:\/\/www.w3.org\/2000\/svg\" viewBox=\"0 8 64 8\" preserveAspectRatio=\"none\" width=\"100%\" height=\"100%\">\r\n\t<path fill=\"currentColor\" d=\"M64 15.9 Q32 0.4 0 15.9 L0 18 L64 18 Z\"\/>\r\n<\/svg><\/div><div class=\"l-section-h i-cf\"><div class=\"g-cols vc_row via_flex valign_top type_default stacking_default\"><div class=\"vc_col-sm-12 wpb_column vc_column_container\"><div class=\"vc_column-inner\"><div class=\"wpb_wrapper\"><div class=\"w-separator size_medium\"><\/div><div class=\"w-separator size_small with_line width_30 thick_4 style_solid color_primary align_center\"><div class=\"w-separator-h\"><\/div><\/div><div class=\"wpb_text_column us_custom_93351a9e has_text_color\"><div class=\"wpb_wrapper\"><h1 style=\"text-align: center;\">Formulario de Contacto<\/h1>\n<\/div><\/div><div class=\"w-separator size_small\"><\/div><div class=\"wpb_text_column us_custom_c6fcb178\"><div class=\"wpb_wrapper\"><p style=\"text-align: center;\">Ingresa tus datos y el mensaje de tu consulta. Te responderemos a la brevedad.<\/p>\n<\/div><\/div><div class=\"w-separator size_medium\"><\/div><form class=\"w-form  layout_ver for_cform us_form_1\" autocomplete=\"off\" action=\"https:\/\/publiarte.cl\/index.php\/wp-json\/wp\/v2\/pages\/27\" method=\"post\" style=\"--fields-gap:2rem\"><div class=\"w-form-h\"><div class=\"w-form-row for_text cols_2\">\r\n\t\t<div class=\"w-form-row-field\">\r\n\t\t\t\t\t\t<input aria-label=\"Nombre\" type=\"text\" name=\"us_form_1_text_1\" value placeholder=\"Nombre\"\/>\r\n\t\t\t<\/div>\r\n\t\t<div class=\"w-form-row-state\">Rellena este campo<\/div>\r\n<\/div>\r\n<div class=\"w-form-row for_text cols_2\">\r\n\t\t<div class=\"w-form-row-field\">\r\n\t\t\t\t\t\t<input aria-label=\"Tel\u00e9fono\" inputmode=\"tel\" type=\"text\" name=\"us_form_1_text_2\" value placeholder=\"Tel\u00e9fono\"\/>\r\n\t\t\t<\/div>\r\n\t\t<div class=\"w-form-row-state\">Rellena este campo<\/div>\r\n<\/div>\r\n<div class=\"w-form-row for_email\">\r\n\t\t<div class=\"w-form-row-field\">\r\n\t\t\t\t\t\t<input aria-label=\"E-mail\" type=\"email\" name=\"us_form_1_email_1\" value placeholder=\"E-mail\"\/>\r\n\t\t\t<\/div>\r\n\t\t<div class=\"w-form-row-state\">Por favor, introduce una direcci\u00f3n de correo electr\u00f3nico v\u00e1lida.<\/div>\r\n<\/div>\r\n<div class=\"w-form-row for_textarea\">\r\n\t\t<div class=\"w-form-row-field\">\r\n\t\t\t\t\t\t<textarea aria-label=\"Mensaje\" name=\"us_form_1_textarea_1\" placeholder=\"Mensaje\"><\/textarea>\r\n\t\t\t<\/div>\r\n\t\t<div class=\"w-form-row-state\">Rellena este campo<\/div>\r\n<\/div>\r\n<input type=\"hidden\" name=\"action\" value=\"us_ajax_cform\" \/>\r\n<input type=\"hidden\" name=\"post_id\" value=\"0\" \/>\r\n<input type=\"hidden\" name=\"form_index\" value=\"1\" \/>\r\n<div class=\"w-form-row for_submit align_right\">\r\n\t<button class=\"w-btn  us-btn-style_1\" aria-label=\"ENVIAR MENSAJE\" type=\"submit\">\r\n\t\t<span class=\"g-preloader type_1\"><\/span>\r\n\t\t\t\t<span class=\"w-btn-label\">ENVIAR MENSAJE<\/span>\r\n\t\t\t<\/button>\r\n\t<\/div>\r\n<\/div><div class=\"w-form-message\"><\/div><div class=\"w-form-json hidden\" onclick='return {&quot;ajaxurl&quot;:&quot;https:\\\/\\\/publiarte.cl\\\/wp-admin\\\/admin-ajax.php&quot;,&quot;messages&quot;:{&quot;err_empty&quot;:&quot;Rellena este campo&quot;,&quot;err_size&quot;:&quot;El tama\\u00f1o del archivo no puede exceder %s MB&quot;,&quot;err_extension&quot;:&quot;El tipo de archivo %s no est\\u00e1 permitido&quot;}}'><\/div><\/form><\/div><\/div><\/div><\/div><\/div><\/section>\n","protected":false},"excerpt":{"rendered":"Direcci\u00f3nAlejandro Cicarelli 826. Santiago de Chile Tel\u00e9fonos+56 9 8596 8146 E-mailventas@publiarte.cl contacto@publiarte.cl Formulario de Contacto Ingresa tus datos y el mensaje de tu consulta. Te responderemos a la brevedad. Rellena este campo Rellena este campo Por favor, introduce una direcci\u00f3n de correo electr\u00f3nico v\u00e1lida. Rellena este campo ENVIAR MENSAJE","protected":false},"author":3,"featured_media":0,"parent":0,"menu_order":0,"comment_status":"closed","ping_status":"closed","template":"","meta":{"footnotes":""},"class_list":["post-27","page","type-page","status-publish","hentry"],"yoast_head":"<!-- This site is optimized with the Yoast SEO plugin v23.8 - https:\/\/yoast.com\/wordpress\/plugins\/seo\/ -->\n<title>Cont\u00e1ctanos - PubliArte<\/title>\n<meta name=\"description\" content=\"\u00bfNecesitas cotizar o resolver dudas? Ll\u00e1manos al +56 9 85968146 o env\u00edanos un mensaje. \u00a1Atenci\u00f3n r\u00e1pida y personalizada!\" \/>\n<meta name=\"robots\" content=\"index, follow, max-snippet:-1, max-image-preview:large, max-video-preview:-1\" \/>\n<link rel=\"canonical\" href=\"https:\/\/publiarte.cl\/index.php\/contacto\/\" \/>\n<meta property=\"og:locale\" content=\"es_ES\" \/>\n<meta property=\"og:type\" content=\"article\" \/>\n<meta property=\"og:title\" content=\"Cont\u00e1ctanos - PubliArte\" \/>\n<meta property=\"og:description\" content=\"\u00bfNecesitas cotizar o resolver dudas? Ll\u00e1manos al +56 9 85968146 o env\u00edanos un mensaje. \u00a1Atenci\u00f3n r\u00e1pida y personalizada!\" \/>\n<meta property=\"og:url\" content=\"https:\/\/publiarte.cl\/index.php\/contacto\/\" \/>\n<meta property=\"og:site_name\" content=\"PubliArte\" \/>\n<meta property=\"article:modified_time\" content=\"2025-11-28T22:27:13+00:00\" \/>\n<meta name=\"twitter:card\" content=\"summary_large_image\" \/>\n<meta name=\"twitter:label1\" content=\"Tiempo de lectura\" \/>\n\t<meta name=\"twitter:data1\" content=\"1 minuto\" \/>\n<script type=\"application\/ld+json\" class=\"yoast-schema-graph\">{\"@context\":\"https:\/\/schema.org\",\"@graph\":[{\"@type\":\"WebPage\",\"@id\":\"https:\/\/publiarte.cl\/index.php\/contacto\/\",\"url\":\"https:\/\/publiarte.cl\/index.php\/contacto\/\",\"name\":\"Cont\u00e1ctanos - PubliArte\",\"isPartOf\":{\"@id\":\"https:\/\/publiarte.cl\/#website\"},\"datePublished\":\"2023-02-03T17:00:56+00:00\",\"dateModified\":\"2025-11-28T22:27:13+00:00\",\"description\":\"\u00bfNecesitas cotizar o resolver dudas? Ll\u00e1manos al +56 9 85968146 o env\u00edanos un mensaje. \u00a1Atenci\u00f3n r\u00e1pida y personalizada!\",\"breadcrumb\":{\"@id\":\"https:\/\/publiarte.cl\/index.php\/contacto\/#breadcrumb\"},\"inLanguage\":\"es\",\"potentialAction\":[{\"@type\":\"ReadAction\",\"target\":[\"https:\/\/publiarte.cl\/index.php\/contacto\/\"]}]},{\"@type\":\"BreadcrumbList\",\"@id\":\"https:\/\/publiarte.cl\/index.php\/contacto\/#breadcrumb\",\"itemListElement\":[{\"@type\":\"ListItem\",\"position\":1,\"name\":\"Portada\",\"item\":\"https:\/\/publiarte.cl\/\"},{\"@type\":\"ListItem\",\"position\":2,\"name\":\"CONTACTO\"}]},{\"@type\":\"WebSite\",\"@id\":\"https:\/\/publiarte.cl\/#website\",\"url\":\"https:\/\/publiarte.cl\/\",\"name\":\"PubliArte\",\"description\":\"Fabricaci\u00f3n de Piochas, Pines, Insignias, Galvanos personalizados\",\"publisher\":{\"@id\":\"https:\/\/publiarte.cl\/#organization\"},\"potentialAction\":[{\"@type\":\"SearchAction\",\"target\":{\"@type\":\"EntryPoint\",\"urlTemplate\":\"https:\/\/publiarte.cl\/?s={search_term_string}\"},\"query-input\":{\"@type\":\"PropertyValueSpecification\",\"valueRequired\":true,\"valueName\":\"search_term_string\"}}],\"inLanguage\":\"es\"},{\"@type\":\"Organization\",\"@id\":\"https:\/\/publiarte.cl\/#organization\",\"name\":\"PubliArte\",\"url\":\"https:\/\/publiarte.cl\/\",\"logo\":{\"@type\":\"ImageObject\",\"inLanguage\":\"es\",\"@id\":\"https:\/\/publiarte.cl\/#\/schema\/logo\/image\/\",\"url\":\"https:\/\/publiarte.cl\/wp-content\/uploads\/2023\/11\/publiarte.png\",\"contentUrl\":\"https:\/\/publiarte.cl\/wp-content\/uploads\/2023\/11\/publiarte.png\",\"width\":250,\"height\":250,\"caption\":\"PubliArte\"},\"image\":{\"@id\":\"https:\/\/publiarte.cl\/#\/schema\/logo\/image\/\"}}]}<\/script>\n<!-- \/ Yoast SEO plugin. -->","yoast_head_json":{"title":"Cont\u00e1ctanos - PubliArte","description":"\u00bfNecesitas cotizar o resolver dudas? Ll\u00e1manos al +56 9 85968146 o env\u00edanos un mensaje. \u00a1Atenci\u00f3n r\u00e1pida y personalizada!","robots":{"index":"index","follow":"follow","max-snippet":"max-snippet:-1","max-image-preview":"max-image-preview:large","max-video-preview":"max-video-preview:-1"},"canonical":"https:\/\/publiarte.cl\/index.php\/contacto\/","og_locale":"es_ES","og_type":"article","og_title":"Cont\u00e1ctanos - PubliArte","og_description":"\u00bfNecesitas cotizar o resolver dudas? Ll\u00e1manos al +56 9 85968146 o env\u00edanos un mensaje. \u00a1Atenci\u00f3n r\u00e1pida y personalizada!","og_url":"https:\/\/publiarte.cl\/index.php\/contacto\/","og_site_name":"PubliArte","article_modified_time":"2025-11-28T22:27:13+00:00","twitter_card":"summary_large_image","twitter_misc":{"Tiempo de lectura":"1 minuto"},"schema":{"@context":"https:\/\/schema.org","@graph":[{"@type":"WebPage","@id":"https:\/\/publiarte.cl\/index.php\/contacto\/","url":"https:\/\/publiarte.cl\/index.php\/contacto\/","name":"Cont\u00e1ctanos - PubliArte","isPartOf":{"@id":"https:\/\/publiarte.cl\/#website"},"datePublished":"2023-02-03T17:00:56+00:00","dateModified":"2025-11-28T22:27:13+00:00","description":"\u00bfNecesitas cotizar o resolver dudas? Ll\u00e1manos al +56 9 85968146 o env\u00edanos un mensaje. \u00a1Atenci\u00f3n r\u00e1pida y personalizada!","breadcrumb":{"@id":"https:\/\/publiarte.cl\/index.php\/contacto\/#breadcrumb"},"inLanguage":"es","potentialAction":[{"@type":"ReadAction","target":["https:\/\/publiarte.cl\/index.php\/contacto\/"]}]},{"@type":"BreadcrumbList","@id":"https:\/\/publiarte.cl\/index.php\/contacto\/#breadcrumb","itemListElement":[{"@type":"ListItem","position":1,"name":"Portada","item":"https:\/\/publiarte.cl\/"},{"@type":"ListItem","position":2,"name":"CONTACTO"}]},{"@type":"WebSite","@id":"https:\/\/publiarte.cl\/#website","url":"https:\/\/publiarte.cl\/","name":"PubliArte","description":"Fabricaci\u00f3n de Piochas, Pines, Insignias, Galvanos personalizados","publisher":{"@id":"https:\/\/publiarte.cl\/#organization"},"potentialAction":[{"@type":"SearchAction","target":{"@type":"EntryPoint","urlTemplate":"https:\/\/publiarte.cl\/?s={search_term_string}"},"query-input":{"@type":"PropertyValueSpecification","valueRequired":true,"valueName":"search_term_string"}}],"inLanguage":"es"},{"@type":"Organization","@id":"https:\/\/publiarte.cl\/#organization","name":"PubliArte","url":"https:\/\/publiarte.cl\/","logo":{"@type":"ImageObject","inLanguage":"es","@id":"https:\/\/publiarte.cl\/#\/schema\/logo\/image\/","url":"https:\/\/publiarte.cl\/wp-content\/uploads\/2023\/11\/publiarte.png","contentUrl":"https:\/\/publiarte.cl\/wp-content\/uploads\/2023\/11\/publiarte.png","width":250,"height":250,"caption":"PubliArte"},"image":{"@id":"https:\/\/publiarte.cl\/#\/schema\/logo\/image\/"}}]}},"_links":{"self":[{"href":"https:\/\/publiarte.cl\/index.php\/wp-json\/wp\/v2\/pages\/27","targetHints":{"allow":["GET"]}}],"collection":[{"href":"https:\/\/publiarte.cl\/index.php\/wp-json\/wp\/v2\/pages"}],"about":[{"href":"https:\/\/publiarte.cl\/index.php\/wp-json\/wp\/v2\/types\/page"}],"author":[{"embeddable":true,"href":"https:\/\/publiarte.cl\/index.php\/wp-json\/wp\/v2\/users\/3"}],"replies":[{"embeddable":true,"href":"https:\/\/publiarte.cl\/index.php\/wp-json\/wp\/v2\/comments?post=27"}],"version-history":[{"count":25,"href":"https:\/\/publiarte.cl\/index.php\/wp-json\/wp\/v2\/pages\/27\/revisions"}],"predecessor-version":[{"id":782,"href":"https:\/\/publiarte.cl\/index.php\/wp-json\/wp\/v2\/pages\/27\/revisions\/782"}],"wp:attachment":[{"href":"https:\/\/publiarte.cl\/index.php\/wp-json\/wp\/v2\/media?parent=27"}],"curies":[{"name":"wp","href":"https:\/\/api.w.org\/{rel}","templated":true}]}}