{"id":15,"date":"2023-02-03T15:52:07","date_gmt":"2023-02-03T15:52:07","guid":{"rendered":"https:\/\/publi-arte.cl\/?page_id=15"},"modified":"2025-03-21T14:00:49","modified_gmt":"2025-03-21T14:00:49","slug":"quienes-somos","status":"publish","type":"page","link":"https:\/\/publiarte.cl\/index.php\/quienes-somos\/","title":{"rendered":"QUI\u00c9NES SOMOS"},"content":{"rendered":"<section class=\"l-section wpb_row height_medium\"><div class=\"l-section-h i-cf\"><div class=\"g-cols vc_row via_flex valign_top type_default stacking_default\"><div class=\"vc_col-sm-12 wpb_column vc_column_container\"><div class=\"vc_column-inner\"><div class=\"wpb_wrapper\"><div class=\"w-separator size_large\"><\/div><div class=\"w-separator size_large\"><\/div><div class=\"wpb_text_column us_custom_d5f13b3c has_text_color\"><div class=\"wpb_wrapper\"><h1>SOBRE NOSOTROS<\/h1>\n<\/div><\/div><div class=\"w-separator size_small\"><\/div><div class=\"wpb_text_column us_custom_c817cd61 has_text_color\"><div class=\"wpb_wrapper\"><p>En Publi Arte, nos apasiona la creaci\u00f3n de productos personalizados y de alta calidad que inspiran, reconozcan y celebren los momentos especiales de la vida. Desde insignias y piochas hasta medallas y galvanos, cada uno de nuestros productos es dise\u00f1ado y confeccionado con meticulosa atenci\u00f3n al detalle y un compromiso inquebrantable con la excelencia.<\/p>\n<\/div><\/div><div class=\"w-separator size_small\"><\/div><div class=\"wpb_text_column us_custom_c817cd61 has_text_color\"><div class=\"wpb_wrapper\"><p>Nuestra historia comenz\u00f3 con la visi\u00f3n de proporcionar a nuestros clientes una experiencia \u00fanica y personalizada. Desde entonces, hemos crecido y evolucionado, pero nuestra dedicaci\u00f3n a la artesan\u00eda excepcional y el servicio al cliente incomparable sigue siendo el n\u00facleo de todo lo que hacemos.<\/p>\n<\/div><\/div><div class=\"w-separator size_small with_line width_default thick_1 style_solid color_border align_center\"><div class=\"w-separator-h\"><\/div><\/div><div class=\"g-cols wpb_row via_flex valign_top type_default stacking_default\"><div class=\"vc_col-sm-6 wpb_column vc_column_container\"><div class=\"vc_column-inner\"><div class=\"wpb_wrapper\"><div class=\"w-iconbox us_custom_e03bdefd has_text_color iconpos_left style_default color_primary align_left no_text icontype_img\"><div class=\"w-iconbox-icon\" style=\"font-size:46px;\"><img loading=\"lazy\" decoding=\"async\" width=\"96\" height=\"94\" src=\"https:\/\/publiarte.cl\/wp-content\/uploads\/2023\/12\/vision2.png\" class=\"attachment-full size-full\" alt=\"\" srcset=\"https:\/\/publiarte.cl\/wp-content\/uploads\/2023\/12\/vision2.png 96w, https:\/\/publiarte.cl\/wp-content\/uploads\/2023\/12\/vision2-64x63.png 64w\" sizes=\"(max-width: 96px) 100vw, 96px\" \/><\/div><div class=\"w-iconbox-meta\"><h4 class=\"w-iconbox-title\" style=\"font-size:36px;\">VISI\u00d3N<\/h4><\/div><\/div><div class=\"w-separator size_small\"><\/div><div class=\"wpb_text_column us_custom_c817cd61 has_text_color\"><div class=\"wpb_wrapper\"><p>Ser l\u00edderes en el mercado por la calidad de nuestros productos, constituy\u00e9ndonos en socios estrat\u00e9gicos de nuestros clientes mediante lazos de confiabilidad y buenas pr\u00e1cticas comerciales.<\/p>\n<\/div><\/div><\/div><\/div><\/div><div class=\"vc_col-sm-6 wpb_column vc_column_container\"><div class=\"vc_column-inner\"><div class=\"wpb_wrapper\"><div class=\"w-image align_none\"><div class=\"w-image-h\"><img decoding=\"async\" width=\"400\" height=\"400\" src=\"https:\/\/publiarte.cl\/wp-content\/uploads\/2023\/12\/mision-1.jpg\" class=\"attachment-large size-large\" alt=\"\" loading=\"lazy\" srcset=\"https:\/\/publiarte.cl\/wp-content\/uploads\/2023\/12\/mision-1.jpg 400w, https:\/\/publiarte.cl\/wp-content\/uploads\/2023\/12\/mision-1-300x300.jpg 300w, https:\/\/publiarte.cl\/wp-content\/uploads\/2023\/12\/mision-1-150x150.jpg 150w, https:\/\/publiarte.cl\/wp-content\/uploads\/2023\/12\/mision-1-64x64.jpg 64w\" sizes=\"(max-width: 400px) 100vw, 400px\" \/><\/div><\/div><\/div><\/div><\/div><\/div><\/div><\/div><\/div><\/div><\/div><\/section>\n","protected":false},"excerpt":{"rendered":"SOBRE NOSOTROS En Publi Arte, nos apasiona la creaci\u00f3n de productos personalizados y de alta calidad que inspiran, reconozcan y celebren los momentos especiales de la vida. Desde insignias y piochas hasta medallas y galvanos, cada uno de nuestros productos es dise\u00f1ado y confeccionado con meticulosa atenci\u00f3n al detalle y un compromiso inquebrantable con la...","protected":false},"author":3,"featured_media":0,"parent":0,"menu_order":0,"comment_status":"closed","ping_status":"closed","template":"","meta":{"footnotes":""},"class_list":["post-15","page","type-page","status-publish","hentry"],"yoast_head":"<!-- This site is optimized with the Yoast SEO plugin v23.8 - https:\/\/yoast.com\/wordpress\/plugins\/seo\/ -->\n<title>QUI\u00c9NES SOMOS - PubliArte<\/title>\n<meta name=\"description\" content=\"Llevamos a\u00f1os fabricando piochas y pines con acabados profesionales. \u00a1Escr\u00edbenos al +56 9 85968146 y te contamos m\u00e1s!\" \/>\n<meta name=\"robots\" content=\"index, follow, max-snippet:-1, max-image-preview:large, max-video-preview:-1\" \/>\n<link rel=\"canonical\" href=\"https:\/\/publiarte.cl\/index.php\/quienes-somos\/\" \/>\n<meta property=\"og:locale\" content=\"es_ES\" \/>\n<meta property=\"og:type\" content=\"article\" \/>\n<meta property=\"og:title\" content=\"QUI\u00c9NES SOMOS - PubliArte\" \/>\n<meta property=\"og:description\" content=\"Llevamos a\u00f1os fabricando piochas y pines con acabados profesionales. \u00a1Escr\u00edbenos al +56 9 85968146 y te contamos m\u00e1s!\" \/>\n<meta property=\"og:url\" content=\"https:\/\/publiarte.cl\/index.php\/quienes-somos\/\" \/>\n<meta property=\"og:site_name\" content=\"PubliArte\" \/>\n<meta property=\"article:modified_time\" content=\"2025-03-21T14:00:49+00:00\" \/>\n<meta name=\"twitter:card\" content=\"summary_large_image\" \/>\n<meta name=\"twitter:label1\" content=\"Tiempo de lectura\" \/>\n\t<meta name=\"twitter:data1\" content=\"1 minuto\" \/>\n<script type=\"application\/ld+json\" class=\"yoast-schema-graph\">{\"@context\":\"https:\/\/schema.org\",\"@graph\":[{\"@type\":\"WebPage\",\"@id\":\"https:\/\/publiarte.cl\/index.php\/quienes-somos\/\",\"url\":\"https:\/\/publiarte.cl\/index.php\/quienes-somos\/\",\"name\":\"QUI\u00c9NES SOMOS - PubliArte\",\"isPartOf\":{\"@id\":\"https:\/\/publiarte.cl\/#website\"},\"datePublished\":\"2023-02-03T15:52:07+00:00\",\"dateModified\":\"2025-03-21T14:00:49+00:00\",\"description\":\"Llevamos a\u00f1os fabricando piochas y pines con acabados profesionales. \u00a1Escr\u00edbenos al +56 9 85968146 y te contamos m\u00e1s!\",\"breadcrumb\":{\"@id\":\"https:\/\/publiarte.cl\/index.php\/quienes-somos\/#breadcrumb\"},\"inLanguage\":\"es\",\"potentialAction\":[{\"@type\":\"ReadAction\",\"target\":[\"https:\/\/publiarte.cl\/index.php\/quienes-somos\/\"]}]},{\"@type\":\"BreadcrumbList\",\"@id\":\"https:\/\/publiarte.cl\/index.php\/quienes-somos\/#breadcrumb\",\"itemListElement\":[{\"@type\":\"ListItem\",\"position\":1,\"name\":\"Portada\",\"item\":\"https:\/\/publiarte.cl\/\"},{\"@type\":\"ListItem\",\"position\":2,\"name\":\"QUI\u00c9NES SOMOS\"}]},{\"@type\":\"WebSite\",\"@id\":\"https:\/\/publiarte.cl\/#website\",\"url\":\"https:\/\/publiarte.cl\/\",\"name\":\"PubliArte\",\"description\":\"Fabricaci\u00f3n de Piochas, Pines, Insignias, Galvanos personalizados\",\"publisher\":{\"@id\":\"https:\/\/publiarte.cl\/#organization\"},\"potentialAction\":[{\"@type\":\"SearchAction\",\"target\":{\"@type\":\"EntryPoint\",\"urlTemplate\":\"https:\/\/publiarte.cl\/?s={search_term_string}\"},\"query-input\":{\"@type\":\"PropertyValueSpecification\",\"valueRequired\":true,\"valueName\":\"search_term_string\"}}],\"inLanguage\":\"es\"},{\"@type\":\"Organization\",\"@id\":\"https:\/\/publiarte.cl\/#organization\",\"name\":\"PubliArte\",\"url\":\"https:\/\/publiarte.cl\/\",\"logo\":{\"@type\":\"ImageObject\",\"inLanguage\":\"es\",\"@id\":\"https:\/\/publiarte.cl\/#\/schema\/logo\/image\/\",\"url\":\"https:\/\/publiarte.cl\/wp-content\/uploads\/2023\/11\/publiarte.png\",\"contentUrl\":\"https:\/\/publiarte.cl\/wp-content\/uploads\/2023\/11\/publiarte.png\",\"width\":250,\"height\":250,\"caption\":\"PubliArte\"},\"image\":{\"@id\":\"https:\/\/publiarte.cl\/#\/schema\/logo\/image\/\"}}]}<\/script>\n<!-- \/ Yoast SEO plugin. -->","yoast_head_json":{"title":"QUI\u00c9NES SOMOS - PubliArte","description":"Llevamos a\u00f1os fabricando piochas y pines con acabados profesionales. \u00a1Escr\u00edbenos al +56 9 85968146 y te contamos m\u00e1s!","robots":{"index":"index","follow":"follow","max-snippet":"max-snippet:-1","max-image-preview":"max-image-preview:large","max-video-preview":"max-video-preview:-1"},"canonical":"https:\/\/publiarte.cl\/index.php\/quienes-somos\/","og_locale":"es_ES","og_type":"article","og_title":"QUI\u00c9NES SOMOS - PubliArte","og_description":"Llevamos a\u00f1os fabricando piochas y pines con acabados profesionales. \u00a1Escr\u00edbenos al +56 9 85968146 y te contamos m\u00e1s!","og_url":"https:\/\/publiarte.cl\/index.php\/quienes-somos\/","og_site_name":"PubliArte","article_modified_time":"2025-03-21T14:00:49+00:00","twitter_card":"summary_large_image","twitter_misc":{"Tiempo de lectura":"1 minuto"},"schema":{"@context":"https:\/\/schema.org","@graph":[{"@type":"WebPage","@id":"https:\/\/publiarte.cl\/index.php\/quienes-somos\/","url":"https:\/\/publiarte.cl\/index.php\/quienes-somos\/","name":"QUI\u00c9NES SOMOS - PubliArte","isPartOf":{"@id":"https:\/\/publiarte.cl\/#website"},"datePublished":"2023-02-03T15:52:07+00:00","dateModified":"2025-03-21T14:00:49+00:00","description":"Llevamos a\u00f1os fabricando piochas y pines con acabados profesionales. \u00a1Escr\u00edbenos al +56 9 85968146 y te contamos m\u00e1s!","breadcrumb":{"@id":"https:\/\/publiarte.cl\/index.php\/quienes-somos\/#breadcrumb"},"inLanguage":"es","potentialAction":[{"@type":"ReadAction","target":["https:\/\/publiarte.cl\/index.php\/quienes-somos\/"]}]},{"@type":"BreadcrumbList","@id":"https:\/\/publiarte.cl\/index.php\/quienes-somos\/#breadcrumb","itemListElement":[{"@type":"ListItem","position":1,"name":"Portada","item":"https:\/\/publiarte.cl\/"},{"@type":"ListItem","position":2,"name":"QUI\u00c9NES SOMOS"}]},{"@type":"WebSite","@id":"https:\/\/publiarte.cl\/#website","url":"https:\/\/publiarte.cl\/","name":"PubliArte","description":"Fabricaci\u00f3n de Piochas, Pines, Insignias, Galvanos personalizados","publisher":{"@id":"https:\/\/publiarte.cl\/#organization"},"potentialAction":[{"@type":"SearchAction","target":{"@type":"EntryPoint","urlTemplate":"https:\/\/publiarte.cl\/?s={search_term_string}"},"query-input":{"@type":"PropertyValueSpecification","valueRequired":true,"valueName":"search_term_string"}}],"inLanguage":"es"},{"@type":"Organization","@id":"https:\/\/publiarte.cl\/#organization","name":"PubliArte","url":"https:\/\/publiarte.cl\/","logo":{"@type":"ImageObject","inLanguage":"es","@id":"https:\/\/publiarte.cl\/#\/schema\/logo\/image\/","url":"https:\/\/publiarte.cl\/wp-content\/uploads\/2023\/11\/publiarte.png","contentUrl":"https:\/\/publiarte.cl\/wp-content\/uploads\/2023\/11\/publiarte.png","width":250,"height":250,"caption":"PubliArte"},"image":{"@id":"https:\/\/publiarte.cl\/#\/schema\/logo\/image\/"}}]}},"_links":{"self":[{"href":"https:\/\/publiarte.cl\/index.php\/wp-json\/wp\/v2\/pages\/15","targetHints":{"allow":["GET"]}}],"collection":[{"href":"https:\/\/publiarte.cl\/index.php\/wp-json\/wp\/v2\/pages"}],"about":[{"href":"https:\/\/publiarte.cl\/index.php\/wp-json\/wp\/v2\/types\/page"}],"author":[{"embeddable":true,"href":"https:\/\/publiarte.cl\/index.php\/wp-json\/wp\/v2\/users\/3"}],"replies":[{"embeddable":true,"href":"https:\/\/publiarte.cl\/index.php\/wp-json\/wp\/v2\/comments?post=15"}],"version-history":[{"count":17,"href":"https:\/\/publiarte.cl\/index.php\/wp-json\/wp\/v2\/pages\/15\/revisions"}],"predecessor-version":[{"id":757,"href":"https:\/\/publiarte.cl\/index.php\/wp-json\/wp\/v2\/pages\/15\/revisions\/757"}],"wp:attachment":[{"href":"https:\/\/publiarte.cl\/index.php\/wp-json\/wp\/v2\/media?parent=15"}],"curies":[{"name":"wp","href":"https:\/\/api.w.org\/{rel}","templated":true}]}}